{"id":891,"date":"2019-07-17T17:28:01","date_gmt":"2019-07-17T15:28:01","guid":{"rendered":"https:\/\/weberruss.com\/?page_id=891"},"modified":"2025-12-09T23:14:01","modified_gmt":"2025-12-09T22:14:01","slug":"services","status":"publish","type":"page","link":"https:\/\/weberruss.com\/de\/services\/","title":{"rendered":"Leistungen"},"content":{"rendered":"","protected":false},"excerpt":{"rendered":"","protected":false},"author":1,"featured_media":0,"parent":0,"menu_order":7,"comment_status":"closed","ping_status":"closed","template":"","meta":{"inline_featured_image":false},"class_list":["post-891","page","type-page","status-publish","hentry"],"aioseo_notices":[],"grid":"{\r\n  \"colCount\": 12,\r\n  \"colGutter\": 15,\r\n  \"rowGutters\": [\r\n    40\r\n  ],\r\n  \"frameMargin\": 2,\r\n  \"leftFrameMargin\": 24,\r\n  \"rightFrameMargin\": 24,\r\n  \"topFrameMargin\": 78,\r\n  \"mus\": {\r\n    \"colGutterMu\": \"px\"\r\n  },\r\n  \"bottomFrameMargin\": 48,\r\n  \"rowAttrs\": [\r\n    {\r\n      \"relid\": 1\r\n    },\r\n    {\r\n      \"relid\": 14\r\n    }\r\n  ],\r\n  \"bgColor\": null,\r\n  \"cont\": [\r\n    {\r\n      \"type\": \"text\",\r\n      \"cont\": \"<p class=\\\"_Copytext\\\">Das Studio gestaltet visuelle Identit\u00e4ten, digitale Interfaces und gedruckte Medien \u2013 strategisch fundiert, konzeptbasiert und mit gestalterischer Konsequenz. Im Mittelpunkt steht die \u00dcberzeugung, dass Gestaltung nicht durch Lautst\u00e4rke wirkt, sondern durch Klarheit, Haltung und Identit\u00e4t. Jedes Projekt entsteht aus dem spezifischen Kontext heraus \u2013 ob f\u00fcr Kultur, Wirtschaft oder \u00f6ffentliche Institutionen.<\/p><p class=\\\"_Copytext\\\">Das Studio arbeitet interdisziplin\u00e4r, medien\u00fcbergreifend und mit einem hohen Anspruch an gestalterische und inhaltliche Tiefe. Ziel ist nicht der Effekt, sondern die Wirkung \u2013 Gestaltung, die Resonanz erzeugt und bleibt.<\/p>\",\r\n      \"align\": \"top\",\r\n      \"row\": 0,\r\n      \"col\": 0,\r\n      \"colspan\": 9,\r\n      \"offsetx\": 0,\r\n      \"offsety\": 0,\r\n      \"spaceabove\": 0,\r\n      \"spacebelow\": 0,\r\n      \"yvel\": 1,\r\n      \"push\": 0,\r\n      \"relid\": 38,\r\n      \"absolute_position\": false,\r\n      \"pxwidth\": null\r\n    },\r\n    {\r\n      \"type\": \"stack\",\r\n      \"cont\": [\r\n        {\r\n          \"type\": \"text\",\r\n          \"cont\": \"<h2 class=\\\"_Medium\\\"><span>Branding, Identity<\/span><\/h2><p class=\\\"_Copytext\\\"><span>Kommuniziere die Kernwerte eines Unternehmens, Institution oder Person \u00fcber eine visuelle Identit\u00e4t. <\/span><\/p><p><span class=\\\"tag\\\">Brand Identity<\/span><span class=\\\"tag\\\">Brand Consulting<\/span><span class=\\\"tag\\\">Strategie<\/span><span class=\\\"tag\\\">Corporate Identity<\/span><span class=\\\"tag\\\">Corporate Design<\/span><span class=\\\"tag\\\">Corporate Websites<\/span><span class=\\\"tag\\\">Design Systeme<\/span><span class=\\\"tag\\\">Styleguides<\/span><span class=\\\"tag\\\">Storytelling<\/span><span class=\\\"tag\\\">Kommunikation<\/span><span class=\\\"tag\\\">Art Direktion<\/span><span class=\\\"tag\\\">Fotografie<\/span><span class=\\\"tag\\\">Workshops<\/span><span class=\\\"tag\\\">\u2026<\/span><\/p>\",\r\n          \"align\": \"top\",\r\n          \"row\": 0,\r\n          \"col\": 0,\r\n          \"colspan\": 5,\r\n          \"offsetx\": 0,\r\n          \"offsety\": 0,\r\n          \"spaceabove\": 0,\r\n          \"spacebelow\": 0,\r\n          \"yvel\": 1,\r\n          \"push\": 0,\r\n          \"relid\": 11,\r\n          \"absolute_position\": false,\r\n          \"pxwidth\": null\r\n        },\r\n        {\r\n          \"type\": \"text\",\r\n          \"cont\": \"<h2 class=\\\"_Medium\\\">Editorial Design<\/h2><p class=\\\"_Copytext\\\"><span>Erz\u00e4hle Geschichten in ansprechender und unterhaltsamer Form. <\/span><\/p><p><span class=\\\"tag\\\">B\u00fccher<\/span><span class=\\\"tag\\\">Brosch\u00fcren<\/span><span class=\\\"tag\\\">Magazine<\/span><span class=\\\"tag\\\">Zeitungen<\/span><span class=\\\"tag\\\">\u2026<\/span><\/p>\",\r\n          \"align\": \"top\",\r\n          \"row\": 1,\r\n          \"col\": 0,\r\n          \"colspan\": 5,\r\n          \"offsetx\": 0,\r\n          \"offsety\": 0,\r\n          \"spaceabove\": 40,\r\n          \"spacebelow\": 0,\r\n          \"yvel\": 1,\r\n          \"push\": 0,\r\n          \"relid\": 34,\r\n          \"absolute_position\": false,\r\n          \"pxwidth\": null\r\n        },\r\n        {\r\n          \"type\": \"text\",\r\n          \"cont\": \"<h2 class=\\\"_Medium\\\">Packaging Design<\/h2><p class=\\\"_Copytext\\\"><span>Verkaufe mit ansprechenden Verpackungen umweltfreundlichere Produkte.<\/span><\/p><p><span class=\\\"tag\\\">Lebensmittel<\/span><span class=\\\"tag\\\">Kosmetik<\/span><span class=\\\"tag\\\">Produkte<\/span><span class=\\\"tag\\\">Getr\u00e4nke<\/span><span class=\\\"tag\\\">Elektronik<\/span><span class=\\\"tag\\\">M\u00f6bel<\/span><span class=\\\"tag\\\">Spielzeug<\/span><span class=\\\"tag\\\">\u2026<\/span><\/p>\",\r\n          \"align\": \"top\",\r\n          \"row\": 2,\r\n          \"col\": 0,\r\n          \"colspan\": 5,\r\n          \"offsetx\": 0,\r\n          \"offsety\": 0,\r\n          \"spaceabove\": 40,\r\n          \"spacebelow\": 0,\r\n          \"yvel\": 1,\r\n          \"push\": 0,\r\n          \"relid\": 37,\r\n          \"absolute_position\": false,\r\n          \"pxwidth\": null,\r\n          \"spaceaboveMu\": \"px\"\r\n        }\r\n      ],\r\n      \"align\": \"middle\",\r\n      \"row\": 1,\r\n      \"col\": 0,\r\n      \"colspan\": 5,\r\n      \"offsetx\": 0,\r\n      \"offsety\": 0,\r\n      \"spaceabove\": 0,\r\n      \"spacebelow\": 0,\r\n      \"yvel\": 1,\r\n      \"push\": 0,\r\n      \"relid\": 15,\r\n      \"absolute_position\": false,\r\n      \"frameOverflow\": \"\"\r\n    },\r\n    {\r\n      \"type\": \"stack\",\r\n      \"cont\": [\r\n        {\r\n          \"type\": \"text\",\r\n          \"cont\": \"<h2 class=\\\"_Medium\\\">User Experience, Interfaces<\/h2><p class=\\\"_Copytext\\\"><span>Erm\u00f6gliche eine positive Nutzererfahrung auf digitalen Ger\u00e4ten.<\/span><\/p><p><span class=\\\"tag\\\">Apps<\/span><span class=\\\"tag\\\">Webmagazine<\/span><span class=\\\"tag\\\">Nachrichtenportale<\/span><span class=\\\"tag\\\">Webseiten<\/span><span class=\\\"tag\\\">Shops<\/span><span class=\\\"tag\\\">E-Commerce Systeme<\/span><span class=\\\"tag\\\">Landingpages<\/span><span class=\\\"tag\\\">Webentwicklung<\/span><span class=\\\"tag\\\">Content Management Systeme<\/span><span class=\\\"tag\\\">Social Media Templates<\/span><span class=\\\"tag\\\">\u2026<\/span><\/p>\",\r\n          \"align\": \"top\",\r\n          \"row\": 0,\r\n          \"col\": 0,\r\n          \"colspan\": 5,\r\n          \"offsetx\": 0,\r\n          \"offsety\": 0,\r\n          \"spaceabove\": 0,\r\n          \"spacebelow\": 0,\r\n          \"yvel\": 1,\r\n          \"push\": 0,\r\n          \"relid\": 35,\r\n          \"absolute_position\": false,\r\n          \"pxwidth\": null\r\n        },\r\n        {\r\n          \"type\": \"text\",\r\n          \"cont\": \"<h2 class=\\\"_Medium\\\">Kommunikation im Raum<\/h2><p class=\\\"_Copytext\\\"><span>Schaffe visuelle Orientierung und einen angenehmen Aufenthalt.<\/span><\/p><p><span class=\\\"tag\\\">Messen und Eventst\u00e4nde<\/span><span class=\\\"tag\\\">Ausstellungen<\/span><span class=\\\"tag\\\">Stores<\/span><span class=\\\"tag\\\">Caf\u00e9s<\/span><span class=\\\"tag\\\">\u00d6ffentliche R\u00e4ume<\/span><span class=\\\"tag\\\">B\u00fcrogeb\u00e4ude<\/span><span class=\\\"tag\\\">Konferenzen<\/span><span class=\\\"tag\\\">\u2026<\/span><\/p>\",\r\n          \"align\": \"top\",\r\n          \"row\": 1,\r\n          \"col\": 0,\r\n          \"colspan\": 5,\r\n          \"offsetx\": 0,\r\n          \"offsety\": 0,\r\n          \"spaceabove\": 40,\r\n          \"spacebelow\": 0,\r\n          \"yvel\": 1,\r\n          \"push\": 0,\r\n          \"relid\": 36,\r\n          \"absolute_position\": false,\r\n          \"pxwidth\": null\r\n        }\r\n      ],\r\n      \"align\": \"top\",\r\n      \"row\": 1,\r\n      \"col\": 5,\r\n      \"colspan\": 5,\r\n      \"offsetx\": 0,\r\n      \"offsety\": 0,\r\n      \"spaceabove\": 0,\r\n      \"spacebelow\": 0,\r\n      \"yvel\": 1,\r\n      \"push\": 0,\r\n      \"relid\": 16,\r\n      \"absolute_position\": false\r\n    }\r\n  ]\r\n}","phonegrid":"{\r\n  \"colCount\": 1,\r\n  \"colGutter\": 16,\r\n  \"rowGutters\": [\r\n    \"24\",\r\n    \"24\",\r\n    \"24\",\r\n    \"24\",\r\n    \"24\"\r\n  ],\r\n  \"frameMargin\": 16,\r\n  \"topFrameMargin\": \"12\",\r\n  \"rightFrameMargin\": \"12\",\r\n  \"bottomFrameMargin\": \"12\",\r\n  \"leftFrameMargin\": \"12\",\r\n  \"mus\": {\r\n    \"colGutterMu\": \"px\",\r\n    \"rowGutterMu\": \"px\",\r\n    \"topFrameMu\": \"px\",\r\n    \"bottomFrameMu\": \"px\",\r\n    \"frameMu\": \"px\"\r\n  },\r\n  \"rowAttrs\": [\r\n    {\r\n      \"relid\": 5\r\n    },\r\n    {\r\n      \"relid\": 6\r\n    },\r\n    {\r\n      \"relid\": 7\r\n    },\r\n    {\r\n      \"relid\": 8\r\n    },\r\n    {\r\n      \"relid\": 9\r\n    },\r\n    {\r\n      \"relid\": 10\r\n    }\r\n  ],\r\n  \"bgColor\": null,\r\n  \"bgImage\": null,\r\n  \"cont\": [\r\n    {\r\n      \"type\": \"text\",\r\n      \"cont\": \"<p class=\\\"_Copytext\\\">Das Studio gestaltet visuelle Identit\u00e4ten, digitale Interfaces und gedruckte Medien \u2013 strategisch fundiert, konzeptbasiert und mit gestalterischer Konsequenz. Im Mittelpunkt steht die \u00dcberzeugung, dass Gestaltung nicht durch Lautst\u00e4rke wirkt, sondern durch Klarheit, Haltung und Identit\u00e4t. Jedes Projekt entsteht aus dem spezifischen Kontext heraus \u2013 ob f\u00fcr Kultur, Wirtschaft oder \u00f6ffentliche Institutionen.<\/p><p class=\\\"_Copytext\\\">Das Studio arbeitet interdisziplin\u00e4r, medien\u00fcbergreifend und mit einem hohen Anspruch an gestalterische und inhaltliche Tiefe. Ziel ist nicht der Effekt, sondern die Wirkung \u2013 Gestaltung, die Resonanz erzeugt und bleibt.<\/p>\",\r\n      \"align\": \"bottom\",\r\n      \"row\": 0,\r\n      \"col\": 0,\r\n      \"colspan\": 1,\r\n      \"offsetx\": 0,\r\n      \"offsety\": 0,\r\n      \"spaceabove\": 0,\r\n      \"spacebelow\": 0,\r\n      \"yvel\": 1,\r\n      \"push\": 0,\r\n      \"relid\": 38,\r\n      \"absolute_position\": false,\r\n      \"frameOverflow\": \"\",\r\n      \"pxwidth\": null\r\n    },\r\n    {\r\n      \"type\": \"text\",\r\n      \"cont\": \"<h2 class=\\\"_Medium\\\"><span>Branding, Identity<\/span><\/h2><p class=\\\"_Copytext\\\"><span>Kommuniziere die Kernwerte eines Unternehmens, Institution oder Person \u00fcber eine visuelle Identit\u00e4t. <\/span><\/p><p><span class=\\\"tag\\\">Brand Identity<\/span><span class=\\\"tag\\\">Brand Consulting<\/span><span class=\\\"tag\\\">Strategie<\/span><span class=\\\"tag\\\">Corporate Identity<\/span><span class=\\\"tag\\\">Corporate Design<\/span><span class=\\\"tag\\\">Corporate Websites<\/span><span class=\\\"tag\\\">Design Systeme<\/span><span class=\\\"tag\\\">Styleguides<\/span><span class=\\\"tag\\\">Storytelling<\/span><span class=\\\"tag\\\">Kommunikation<\/span><span class=\\\"tag\\\">Art Direktion<\/span><span class=\\\"tag\\\">Fotografie<\/span><span class=\\\"tag\\\">Workshops<\/span><span class=\\\"tag\\\">\u2026<\/span><\/p>\",\r\n      \"align\": \"middle\",\r\n      \"row\": 1,\r\n      \"col\": 0,\r\n      \"colspan\": 1,\r\n      \"offsetx\": 0,\r\n      \"offsety\": 0,\r\n      \"spaceabove\": 0,\r\n      \"spacebelow\": 0,\r\n      \"yvel\": 1,\r\n      \"push\": 0,\r\n      \"relid\": 11,\r\n      \"absolute_position\": false,\r\n      \"pxwidth\": null,\r\n      \"frameOverflow\": \"\"\r\n    },\r\n    {\r\n      \"type\": \"text\",\r\n      \"cont\": \"<h2 class=\\\"_Medium\\\">User Experience, Interfaces<\/h2><p class=\\\"_Copytext\\\"><span>Erm\u00f6gliche eine positive Nutzererfahrung auf digitalen Ger\u00e4ten.<\/span><\/p><p><span class=\\\"tag\\\">Apps<\/span><span class=\\\"tag\\\">Webmagazine<\/span><span class=\\\"tag\\\">Nachrichtenportale<\/span><span class=\\\"tag\\\">Webseiten<\/span><span class=\\\"tag\\\">Shops<\/span><span class=\\\"tag\\\">E-Commerce Systeme<\/span><span class=\\\"tag\\\">Landingpages<\/span><span class=\\\"tag\\\">Webentwicklung<\/span><span class=\\\"tag\\\">Content Management Systeme<\/span><span class=\\\"tag\\\">Social Media Templates<\/span><span class=\\\"tag\\\">\u2026<\/span><\/p>\",\r\n      \"align\": \"bottom\",\r\n      \"row\": 2,\r\n      \"col\": 0,\r\n      \"colspan\": 1,\r\n      \"offsetx\": 0,\r\n      \"offsety\": 0,\r\n      \"spaceabove\": 0,\r\n      \"spacebelow\": 0,\r\n      \"yvel\": 1,\r\n      \"push\": 0,\r\n      \"relid\": 35,\r\n      \"absolute_position\": false,\r\n      \"frameOverflow\": \"\",\r\n      \"pxwidth\": null\r\n    },\r\n    {\r\n      \"type\": \"text\",\r\n      \"cont\": \"<h2 class=\\\"_Medium\\\">Editorial Design<\/h2><p class=\\\"_Copytext\\\"><span>Erz\u00e4hle Geschichten in ansprechender und unterhaltsamer Form. <\/span><\/p><p><span class=\\\"tag\\\">B\u00fccher<\/span><span class=\\\"tag\\\">Brosch\u00fcren<\/span><span class=\\\"tag\\\">Magazine<\/span><span class=\\\"tag\\\">Zeitungen<\/span><span class=\\\"tag\\\">\u2026<\/span><\/p>\",\r\n      \"align\": \"bottom\",\r\n      \"row\": 3,\r\n      \"col\": 0,\r\n      \"colspan\": 1,\r\n      \"offsetx\": 0,\r\n      \"offsety\": 0,\r\n      \"spaceabove\": 0,\r\n      \"spacebelow\": 0,\r\n      \"yvel\": 1,\r\n      \"push\": 0,\r\n      \"relid\": 34,\r\n      \"absolute_position\": false,\r\n      \"frameOverflow\": \"\",\r\n      \"pxwidth\": null\r\n    },\r\n    {\r\n      \"type\": \"text\",\r\n      \"cont\": \"<h2 class=\\\"_Medium\\\">Kommunikation im Raum<\/h2><p class=\\\"_Copytext\\\"><span>Schaffe visuelle Orientierung und einen angenehmen Aufenthalt.<\/span><\/p><p><span class=\\\"tag\\\">Messen und Eventst\u00e4nde<\/span><span class=\\\"tag\\\">Ausstellungen<\/span><span class=\\\"tag\\\">Stores<\/span><span class=\\\"tag\\\">Caf\u00e9s<\/span><span class=\\\"tag\\\">\u00d6ffentliche R\u00e4ume<\/span><span class=\\\"tag\\\">B\u00fcrogeb\u00e4ude<\/span><span class=\\\"tag\\\">Konferenzen<\/span><span class=\\\"tag\\\">\u2026<\/span><\/p>\",\r\n      \"align\": \"bottom\",\r\n      \"row\": 4,\r\n      \"col\": 0,\r\n      \"colspan\": 1,\r\n      \"offsetx\": 0,\r\n      \"offsety\": 0,\r\n      \"spaceabove\": 0,\r\n      \"spacebelow\": 0,\r\n      \"yvel\": 1,\r\n      \"push\": 0,\r\n      \"relid\": 36,\r\n      \"absolute_position\": false,\r\n      \"frameOverflow\": \"\",\r\n      \"pxwidth\": null\r\n    },\r\n    {\r\n      \"type\": \"text\",\r\n      \"cont\": \"<h2 class=\\\"_Medium\\\">Packaging Design<\/h2><p class=\\\"_Copytext\\\"><span>Verkaufe mit ansprechenden Verpackungen umweltfreundlichere Produkte.<\/span><\/p><p><span class=\\\"tag\\\">Lebensmittel<\/span><span class=\\\"tag\\\">Kosmetik<\/span><span class=\\\"tag\\\">Produkte<\/span><span class=\\\"tag\\\">Getr\u00e4nke<\/span><span class=\\\"tag\\\">Elektronik<\/span><span class=\\\"tag\\\">M\u00f6bel<\/span><span class=\\\"tag\\\">Spielzeug<\/span><span class=\\\"tag\\\">\u2026<\/span><\/p>\",\r\n      \"align\": \"bottom\",\r\n      \"row\": 5,\r\n      \"col\": 0,\r\n      \"colspan\": 1,\r\n      \"offsetx\": 0,\r\n      \"offsety\": 0,\r\n      \"spaceabove\": 0,\r\n      \"spacebelow\": 0,\r\n      \"yvel\": 1,\r\n      \"push\": 0,\r\n      \"relid\": 37,\r\n      \"absolute_position\": false,\r\n      \"frameOverflow\": \"\",\r\n      \"pxwidth\": null\r\n    }\r\n  ]\r\n}","_links":{"self":[{"href":"https:\/\/weberruss.com\/de\/wp-json\/wp\/v2\/pages\/891","targetHints":{"allow":["GET"]}}],"collection":[{"href":"https:\/\/weberruss.com\/de\/wp-json\/wp\/v2\/pages"}],"about":[{"href":"https:\/\/weberruss.com\/de\/wp-json\/wp\/v2\/types\/page"}],"author":[{"embeddable":true,"href":"https:\/\/weberruss.com\/de\/wp-json\/wp\/v2\/users\/1"}],"replies":[{"embeddable":true,"href":"https:\/\/weberruss.com\/de\/wp-json\/wp\/v2\/comments?post=891"}],"version-history":[{"count":0,"href":"https:\/\/weberruss.com\/de\/wp-json\/wp\/v2\/pages\/891\/revisions"}],"wp:attachment":[{"href":"https:\/\/weberruss.com\/de\/wp-json\/wp\/v2\/media?parent=891"}],"curies":[{"name":"wp","href":"https:\/\/api.w.org\/{rel}","templated":true}]}}